{"id":3,"date":"2022-11-17T10:16:42","date_gmt":"2022-11-17T10:16:42","guid":{"rendered":"http:\/\/www.skinunmasked.stronazen.pl\/?page_id=3"},"modified":"2023-02-01T12:26:05","modified_gmt":"2023-02-01T12:26:05","slug":"polityka-prywatnosci","status":"publish","type":"page","link":"https:\/\/www.skinunmasked.stronazen.pl\/index.php\/polityka-prywatnosci\/","title":{"rendered":"Polityka prywatno\u015bci"},"content":{"rendered":"\t\t<div data-elementor-type=\"wp-page\" data-elementor-id=\"3\" class=\"elementor elementor-3\">\n\t\t\t\t\t\t\t\t\t<section class=\"has_ma_el_bg_slider elementor-section elementor-top-section elementor-element elementor-element-4f079fa5 elementor-section-boxed elementor-section-height-default elementor-section-height-default jltma-glass-effect-no\" data-id=\"4f079fa5\" data-element_type=\"section\">\n\t\t\t\t\t\t<div class=\"elementor-container elementor-column-gap-default\">\n\t\t\t\t\t<div class=\"has_ma_el_bg_slider elementor-column elementor-col-100 elementor-top-column elementor-element elementor-element-5cd38b12 jltma-glass-effect-no\" data-id=\"5cd38b12\" data-element_type=\"column\">\n\t\t\t<div class=\"elementor-widget-wrap elementor-element-populated\">\n\t\t\t\t\t\t\t\t<div class=\"elementor-element elementor-element-3cf4ade9 jltma-glass-effect-no elementor-widget elementor-widget-text-editor\" data-id=\"3cf4ade9\" data-element_type=\"widget\" data-widget_type=\"text-editor.default\">\n\t\t\t\t<div class=\"elementor-widget-container\">\n\t\t\t<style>\/*! elementor - v3.10.2 - 29-01-2023 *\/\n.elementor-widget-text-editor.elementor-drop-cap-view-stacked .elementor-drop-cap{background-color:#818a91;color:#fff}.elementor-widget-text-editor.elementor-drop-cap-view-framed .elementor-drop-cap{color:#818a91;border:3px solid;background-color:transparent}.elementor-widget-text-editor:not(.elementor-drop-cap-view-default) .elementor-drop-cap{margin-top:8px}.elementor-widget-text-editor:not(.elementor-drop-cap-view-default) .elementor-drop-cap-letter{width:1em;height:1em}.elementor-widget-text-editor .elementor-drop-cap{float:left;text-align:center;line-height:1;font-size:50px}.elementor-widget-text-editor .elementor-drop-cap-letter{display:inline-block}<\/style>\t\t\t\t<!-- wp:heading -->\n<p><strong>Postanowienia og\u00f3lne<\/strong><\/p>\n<ol>\n<li>Polityka prywatno\u015bci okre\u015bla, jak zbierane, przetwarzane i przechowywane s\u0105 dane osobowe U\u017cytkownik\u00f3w niezb\u0119dne do \u015bwiadczenia us\u0142ug drog\u0105 elektroniczn\u0105 za po\u015brednictwem serwisu internetowego skinunmasked.com (dalej: Serwis).<\/li>\n<li>Serwis zbiera wy\u0142\u0105cznie dane osobowe niezb\u0119dne do \u015bwiadczenia i rozwoju us\u0142ug w nim oferowanych.<\/li>\n<li>Dane osobowe zbierane za po\u015brednictwem Serwisu s\u0105 przetwarzane zgodnie z\u00a0Rozporz\u0105dzeniem Parlamentu Europejskiego i\u00a0Rady (UE) 2016\/679 z\u00a0dnia 27 kwietnia 2016 r. w\u00a0sprawie ochrony os\u00f3b fizycznych w\u00a0zwi\u0105zku z\u00a0przetwarzaniem danych osobowych i\u00a0w sprawie swobodnego przep\u0142ywu takich danych oraz uchylenia dyrektywy 95\/46\/WE (og\u00f3lne rozporz\u0105dzenie o\u00a0ochronie danych, dalej RODO) oraz ustaw\u0105 o ochronie danych osobowych z dnia 10 maja 2018 r.<\/li>\n<\/ol>\n<p><strong> Administrator danych<\/strong><\/p>\n<p>Administratorem danych osobowych zbieranych poprzez Serwis jest <strong>[nazwa osoby prawnej\/przedsi\u0119biorcy\/osoby fizycznej], adres: [adres siedziby\/zamieszkania], KRS: [numer], NIP: [numer], REGON: [numer], adres poczty elektronicznej: [adres e-mail]<\/strong> (dalej: Administrator).<\/p>\n<p><strong>III. Cel zbierania danych osobowych<\/strong><\/p>\n<ol>\n<li>Dane osobowe wykorzystywane s\u0105 w celu:\n<ul>\n<li>rejestracji konta i weryfikacji to\u017csamo\u015bci U\u017cytkownika,<\/li>\n<li>umo\u017cliwienia logowania do Serwisu,<\/li>\n<li>realizacji umowy dotycz\u0105cej us\u0142ug i e-us\u0142ug,<\/li>\n<li>komunikacji z U\u017cytkownikiem (livechat, formularz kontaktowy itp.)<\/li>\n<li>wysy\u0142ki newslettera (po wyra\u017ceniu zgody U\u017cytkownika na jego otrzymywanie),<\/li>\n<li>prowadzenia systemu komentarzy,<\/li>\n<li>\u015bwiadczenia us\u0142ug spo\u0142eczno\u015bciowych,<\/li>\n<li>promocji oferty Administratora,<\/li>\n<li>marketingu, remarketingu, afiliacji,<\/li>\n<li>personalizacji Serwisu dla U\u017cytkownik\u00f3w,<\/li>\n<li>dzia\u0142a\u0144 analitycznych i statystycznych,<\/li>\n<li>windykacji nale\u017cno\u015bci,<\/li>\n<li>ustalenia i dochodzenia roszcze\u0144\u00a0albo obrony przed nimi.<\/li>\n<\/ul>\n<\/li>\n<li>Podanie danych jest dobrowolne, ale niezb\u0119dne do zawarcia umowy albo skorzystania z innych funkcjonalno\u015bci Serwisu<\/li>\n<\/ol>\n<p><strong>Rodzaj przetwarzanych danych osobowych<\/strong><\/p>\n<p>Administrator mo\u017ce przetwarza\u0107\u00a0dane osobowe U\u017cytkownika:<strong> imi\u0119 i nazwisko, data urodzenia, adres zamieszkania, adres e-mail, numer telefonu, NIP<\/strong>.<\/p>\n<p><strong> Okres przetwarzania danych osobowych<\/strong><\/p>\n<p>Dane osobowe U\u017cytkownik\u00f3w b\u0119d\u0105 przetwarzane przez okres:<\/p>\n<ul>\n<li>gdy podstaw\u0105 przetwarzania danych jest wykonanie umowy \u2013 do momentu przedawnienia roszcze\u0144 po jej wykonaniu,<\/li>\n<li>gdy podstaw\u0105 przetwarzania danych jest zgoda \u2013 do momentu jej odwo\u0142ania, a\u00a0po odwo\u0142aniu zgody do przedawnienia roszcze\u0144.<\/li>\n<\/ul>\n<p>W obu przypadkach termin przedawnienia wynosi 6 lat, a\u00a0dla roszcze\u0144 o\u00a0\u015bwiadczenia okresowe i roszcze\u0144 dotycz\u0105cych\u00a0prowadzenia dzia\u0142alno\u015bci gospodarczej \u2013 3 lata (je\u015bli przepis szczeg\u00f3lny nie stanowi inaczej).<\/p>\n<p><strong> Udost\u0119pnianie danych osobowych<\/strong><\/p>\n<ol>\n<li>Dane osobowe U\u017cytkownik\u00f3w mog\u0105 by\u0107 przekazywane: podmiotom powi\u0105zanym z Administratorem, jego podwykonawcom, podmiotom wsp\u00f3\u0142pracuj\u0105cym z Administratorem np. firmom obs\u0142uguj\u0105cym e-p\u0142atno\u015bci, firmom \u015bwiadcz\u0105cym us\u0142ugi kurierskie\/pocztowe, kancelariom prawnym.<\/li>\n<li>Dane osobowe U\u017cytkownik\u00f3w nie b\u0119d\u0105\/b\u0119d\u0105 przekazywane poza teren Europejskiego Obszaru Gospodarczego (EOG).<\/li>\n<\/ol>\n<p><strong>VII. Prawa U\u017cytkownik\u00f3w<\/strong><\/p>\n<ol>\n<li>U\u017cytkownik Serwisu ma prawo do: dost\u0119pu do tre\u015bci swoich danych osobowych, ich sprostowania, usuni\u0119cia, ograniczenia przetwarzania, przenoszenia, wniesienia sprzeciwu wobec przetwarzania, cofni\u0119cia zgody w ka\u017cdej chwili (co nie ma\u00a0wp\u0142ywu na zgodno\u015b\u0107 z prawem przetwarzania dokonanego w oparciu o zgod\u0119 przed jej cofni\u0119ciem).<\/li>\n<li>Zg\u0142oszenie o wyst\u0105pieniu przez U\u017cytkownika z\u00a0uprawnieniem wynikaj\u0105cym z\u00a0wymienionych praw nale\u017cy przes\u0142a\u0107 na adres [adres e-mail].<\/li>\n<li>Administrator spe\u0142nia lub odmawia\u00a0spe\u0142nienia \u017c\u0105dania\u00a0niezw\u0142ocznie \u2013 maksymalnie w ci\u0105gu miesi\u0105ca od jego otrzymania.<\/li>\n<li>U\u017cytkownik ma prawo z\u0142o\u017cy\u0107 skarg\u0119 do Prezesa Urz\u0119du Ochrony Danych Osobowych, je\u015bli uzna, \u017ce przetwarzanie narusza jego prawa i wolno\u015bci (RODO).<\/li>\n<\/ol>\n<p><strong>VIII. Pliki cookies<\/strong><\/p>\n<ol>\n<li>Serwis zbiera informacje za pomoc\u0105 plik\u00f3w cookies \u2013 sesyjnych, sta\u0142ych i podmiot\u00f3w zewn\u0119trznych.<\/li>\n<li>Zbieranie plik\u00f3w cookies wspiera poprawne \u015bwiadczenie us\u0142ug w Serwisie i s\u0142u\u017cy celom statystycznym.<\/li>\n<li>U\u017cytkownik mo\u017ce okre\u015bli\u0107 zakres dost\u0119pu plik\u00f3w cookies do swojego urz\u0105dzenia w ustawieniach przegl\u0105darki.<\/li>\n<\/ol>\n<ol>\n<li><strong> Zautomatyzowane podejmowanie decyzji i profilowanie<\/strong><\/li>\n<\/ol>\n<ol>\n<li>Dane U\u017cytkownik\u00f3w nie mog\u0105 by\u0107\u00a0przetwarzane w zautomatyzowany spos\u00f3b tak, \u017ce na skutek tego mog\u0142yby zapa\u015b\u0107 wobec nich jakiekolwiek decyzje.<\/li>\n<li>Dane U\u017cytkownik\u00f3w mog\u0105 by\u0107 profilowane celem dostosowania tre\u015bci i personalizacji oferty po wyra\u017ceniu przez nich zgody.<\/li>\n<\/ol>\n<ol>\n<li><strong> Postanowienia ko\u0144cowe<\/strong><\/li>\n<\/ol>\n<ol>\n<li>Administrator ma prawo do wprowadzenia zmian w Polityce prywatno\u015bci, przy czym prawa U\u017cytkownik\u00f3w nie zostan\u0105 ograniczone.<\/li>\n<li>Informacja o wprowadzonych zmianach pojawi si\u0119 w formie komunikatu dost\u0119pnego w Serwisie.<\/li>\n<li>W sprawach nieuregulowanych w niniejszej Polityce prywatno\u015bci obowi\u0105zuj\u0105 przepisy RODO i przepisy prawa polskiego.<\/li>\n<\/ol>\n<!-- \/wp:paragraph -->\t\t\t\t\t\t<\/div>\n\t\t\t\t<\/div>\n\t\t\t\t\t<\/div>\n\t\t<\/div>\n\t\t\t\t\t\t\t<\/div>\n\t\t<\/section>\n\t\t\t\t\t\t\t<\/div>\n\t\t","protected":false},"excerpt":{"rendered":"<p>Postanowienia og\u00f3lne Polityka prywatno\u015bci okre\u015bla, jak zbierane, przetwarzane i przechowywane s\u0105 dane osobowe U\u017cytkownik\u00f3w niezb\u0119dne do \u015bwiadczenia us\u0142ug drog\u0105 elektroniczn\u0105 za po\u015brednictwem serwisu internetowego skinunmasked.com (dalej: Serwis). Serwis zbiera wy\u0142\u0105cznie dane osobowe niezb\u0119dne do \u015bwiadczenia i rozwoju us\u0142ug w nim oferowanych. Dane osobowe zbierane za po\u015brednictwem Serwisu s\u0105 przetwarzane zgodnie z\u00a0Rozporz\u0105dzeniem Parlamentu Europejskiego i\u00a0Rady (UE)&hellip;&nbsp;<a href=\"https:\/\/www.skinunmasked.stronazen.pl\/index.php\/polityka-prywatnosci\/\" class=\"\" rel=\"bookmark\">Czytaj dalej &raquo;<span class=\"screen-reader-text\">Polityka prywatno\u015bci<\/span><\/a><\/p>\n","protected":false},"author":1,"featured_media":0,"parent":0,"menu_order":0,"comment_status":"closed","ping_status":"closed","template":"","meta":{"neve_meta_sidebar":"","neve_meta_container":"","neve_meta_enable_content_width":"","neve_meta_content_width":0,"neve_meta_title_alignment":"","neve_meta_author_avatar":"","neve_post_elements_order":"","neve_meta_disable_header":"","neve_meta_disable_footer":"","neve_meta_disable_title":""},"_links":{"self":[{"href":"https:\/\/www.skinunmasked.stronazen.pl\/index.php\/wp-json\/wp\/v2\/pages\/3"}],"collection":[{"href":"https:\/\/www.skinunmasked.stronazen.pl\/index.php\/wp-json\/wp\/v2\/pages"}],"about":[{"href":"https:\/\/www.skinunmasked.stronazen.pl\/index.php\/wp-json\/wp\/v2\/types\/page"}],"author":[{"embeddable":true,"href":"https:\/\/www.skinunmasked.stronazen.pl\/index.php\/wp-json\/wp\/v2\/users\/1"}],"replies":[{"embeddable":true,"href":"https:\/\/www.skinunmasked.stronazen.pl\/index.php\/wp-json\/wp\/v2\/comments?post=3"}],"version-history":[{"count":5,"href":"https:\/\/www.skinunmasked.stronazen.pl\/index.php\/wp-json\/wp\/v2\/pages\/3\/revisions"}],"predecessor-version":[{"id":1013,"href":"https:\/\/www.skinunmasked.stronazen.pl\/index.php\/wp-json\/wp\/v2\/pages\/3\/revisions\/1013"}],"wp:attachment":[{"href":"https:\/\/www.skinunmasked.stronazen.pl\/index.php\/wp-json\/wp\/v2\/media?parent=3"}],"curies":[{"name":"wp","href":"https:\/\/api.w.org\/{rel}","templated":true}]}}